{"id":979,"date":"2024-10-11T17:37:59","date_gmt":"2024-10-11T15:37:59","guid":{"rendered":"https:\/\/maquinariaymetales.com\/reparaciones-de-piezas\/"},"modified":"2024-10-23T13:18:33","modified_gmt":"2024-10-23T11:18:33","slug":"reparaciones-de-piezas","status":"publish","type":"page","link":"https:\/\/maquinariaymetales.com\/es\/reparaciones-de-piezas\/","title":{"rendered":"Reparaciones de piezas"},"content":{"rendered":"\t\t<div data-elementor-type=\"wp-page\" data-elementor-id=\"979\" class=\"elementor elementor-979 elementor-390\" data-elementor-post-type=\"page\">\n\t\t\t\t<div class=\"elementor-element elementor-element-db3f736 e-flex e-con-boxed e-con e-parent\" data-id=\"db3f736\" data-element_type=\"container\" data-e-type=\"container\">\n\t\t\t\t\t<div class=\"e-con-inner\">\n\t\t<div class=\"elementor-element elementor-element-583d0dd e-con-full e-flex e-con e-child\" data-id=\"583d0dd\" data-element_type=\"container\" data-e-type=\"container\">\n\t\t<div class=\"elementor-element elementor-element-029205f e-con-full e-flex e-con e-child\" data-id=\"029205f\" data-element_type=\"container\" data-e-type=\"container\" data-settings=\"{&quot;background_background&quot;:&quot;classic&quot;}\">\n\t\t\t\t<div class=\"elementor-element elementor-element-d210871 elementor-widget elementor-widget-heading\" data-id=\"d210871\" data-element_type=\"widget\" data-e-type=\"widget\" data-widget_type=\"heading.default\">\n\t\t\t\t<div class=\"elementor-widget-container\">\n\t\t\t\t\t<h2 class=\"elementor-heading-title elementor-size-default\">Reparaciones de piezas<\/h2>\t\t\t\t<\/div>\n\t\t\t\t<\/div>\n\t\t\t\t<div class=\"elementor-element elementor-element-8dc36ee elementor-view-default elementor-position-block-start elementor-mobile-position-block-start elementor-widget elementor-widget-icon-box\" data-id=\"8dc36ee\" data-element_type=\"widget\" data-e-type=\"widget\" data-widget_type=\"icon-box.default\">\n\t\t\t\t<div class=\"elementor-widget-container\">\n\t\t\t\t\t\t\t<div class=\"elementor-icon-box-wrapper\">\n\n\t\t\t\t\t\t<div class=\"elementor-icon-box-icon\">\n\t\t\t\t<a href=\"#intro\" class=\"elementor-icon\" tabindex=\"-1\">\n\t\t\t\t<svg xmlns=\"http:\/\/www.w3.org\/2000\/svg\" width=\"14\" height=\"17\" viewBox=\"0 0 14 17\" fill=\"none\"><path fill-rule=\"evenodd\" clip-rule=\"evenodd\" d=\"M0 10.3931L1.47597 9L7 14.2138L12.524 9L14 10.3931L7 17L0 10.3931Z\" fill=\"#F59A61\"><\/path><path fill-rule=\"evenodd\" clip-rule=\"evenodd\" d=\"M0 1.56722L1.47597 0L7 5.86555L12.524 0L14 1.56722L7 9L0 1.56722Z\" fill=\"#F59A61\"><\/path><\/svg>\t\t\t\t<\/a>\n\t\t\t<\/div>\n\t\t\t\n\t\t\t\n\t\t<\/div>\n\t\t\t\t\t\t<\/div>\n\t\t\t\t<\/div>\n\t\t\t\t<\/div>\n\t\t\t\t<\/div>\n\t\t\t\t\t<\/div>\n\t\t\t\t<\/div>\n\t\t<div class=\"elementor-element elementor-element-bd4ca4a e-flex e-con-boxed e-con e-parent\" data-id=\"bd4ca4a\" data-element_type=\"container\" data-e-type=\"container\" id=\"intro\">\n\t\t\t\t\t<div class=\"e-con-inner\">\n\t\t<div class=\"elementor-element elementor-element-048f4ad e-con-full e-flex e-con e-child\" data-id=\"048f4ad\" data-element_type=\"container\" data-e-type=\"container\">\n\t\t\t\t<div class=\"elementor-element elementor-element-474ec05 elementor-widget elementor-widget-text-editor\" data-id=\"474ec05\" data-element_type=\"widget\" data-e-type=\"widget\" data-widget_type=\"text-editor.default\">\n\t\t\t\t<div class=\"elementor-widget-container\">\n\t\t\t\t\t\t\t\t\t<p>En Maquinaria y metales contamos con una <span style=\"color: #f59a61;\">amplia gama de repuestos<\/span> para las m\u00e1quinas m\u00e1s populares de la industria minera.<\/p>\n<p>En un mundo en el que los costes de producci\u00f3n aumentan, entendemos la importancia de la fiabilidad, as\u00ed como de un presupuesto financiero que se adapte a las <span style=\"color: #f59a61;\">necesidades de nuestros clientes<\/span>.<\/p>\n<p>Teniendo esto en cuenta, ofrecemos un servicio de intercambio de sus piezas antiguas por piezas nuevas o renovadas para <span style=\"color: #f59a61;\">evitar costes de sustituci\u00f3n elevados<\/span> y <span style=\"color: #f59a61;\">soluciones r\u00e1pidas<\/span> para evitar la p\u00e9rdida de ingresos.<\/p>\n\t\t\t\t\t\t\t\t<\/div>\n\t\t\t\t<\/div>\n\t\t\t\t<\/div>\n\t\t<div class=\"elementor-element elementor-element-b630561 e-con-full e-flex e-con e-child\" data-id=\"b630561\" data-element_type=\"container\" data-e-type=\"container\">\n\t\t\t\t<div class=\"elementor-element elementor-element-ebdd666 elementor-widget elementor-widget-text-editor\" data-id=\"ebdd666\" data-element_type=\"widget\" data-e-type=\"widget\" data-widget_type=\"text-editor.default\">\n\t\t\t\t<div class=\"elementor-widget-container\">\n\t\t\t\t\t\t\t\t\t<p>Con muchos a\u00f1os de experiencia en el reacondicionamiento de motores, transmisiones y componentes hidr\u00e1ulicos, nuestro personal de taller cualificado puede reparar la <span style=\"color: #f59a61;\">mayor\u00eda de las principales marcas de maquinaria de planta<\/span>.<\/p>\n<p>Adem\u00e1s, junto con nuestros socios de transporte de todo el mundo, podemos enviar sus piezas de repuesto a <span style=\"color: #f59a61;\">cualquier parte del mundo<\/span> de forma r\u00e1pida y eficiente.<\/p>\t\t\t\t\t\t\t\t<\/div>\n\t\t\t\t<\/div>\n\t\t\t\t<\/div>\n\t\t\t\t\t<\/div>\n\t\t\t\t<\/div>\n\t\t\t\t<\/div>\n\t\t","protected":false},"excerpt":{"rendered":"<p>En Maquinaria y metales contamos con una amplia gama de repuestos para las m\u00e1quinas m\u00e1s populares de la industria minera. En un mundo en el que los costes de producci\u00f3n aumentan, entendemos la importancia de la fiabilidad, as\u00ed como de un presupuesto financiero que se adapte a las necesidades de nuestros clientes. Teniendo esto en [&hellip;]<\/p>\n","protected":false},"author":1,"featured_media":847,"parent":0,"menu_order":0,"comment_status":"closed","ping_status":"closed","template":"","meta":{"footnotes":""},"class_list":["post-979","page","type-page","status-publish","has-post-thumbnail","hentry"],"_links":{"self":[{"href":"https:\/\/maquinariaymetales.com\/es\/wp-json\/wp\/v2\/pages\/979","targetHints":{"allow":["GET"]}}],"collection":[{"href":"https:\/\/maquinariaymetales.com\/es\/wp-json\/wp\/v2\/pages"}],"about":[{"href":"https:\/\/maquinariaymetales.com\/es\/wp-json\/wp\/v2\/types\/page"}],"author":[{"embeddable":true,"href":"https:\/\/maquinariaymetales.com\/es\/wp-json\/wp\/v2\/users\/1"}],"replies":[{"embeddable":true,"href":"https:\/\/maquinariaymetales.com\/es\/wp-json\/wp\/v2\/comments?post=979"}],"version-history":[{"count":2,"href":"https:\/\/maquinariaymetales.com\/es\/wp-json\/wp\/v2\/pages\/979\/revisions"}],"predecessor-version":[{"id":1041,"href":"https:\/\/maquinariaymetales.com\/es\/wp-json\/wp\/v2\/pages\/979\/revisions\/1041"}],"wp:featuredmedia":[{"embeddable":true,"href":"https:\/\/maquinariaymetales.com\/es\/wp-json\/wp\/v2\/media\/847"}],"wp:attachment":[{"href":"https:\/\/maquinariaymetales.com\/es\/wp-json\/wp\/v2\/media?parent=979"}],"curies":[{"name":"wp","href":"https:\/\/api.w.org\/{rel}","templated":true}]}}