{"id":972,"date":"2024-10-11T18:07:33","date_gmt":"2024-10-11T16:07:33","guid":{"rendered":"https:\/\/maquinariaymetales.com\/motores-marinos-diesel-gasolina\/"},"modified":"2024-10-23T14:02:55","modified_gmt":"2024-10-23T12:02:55","slug":"motores-marinos-diesel-gasolina","status":"publish","type":"page","link":"https:\/\/maquinariaymetales.com\/es\/motores-marinos-diesel-gasolina\/","title":{"rendered":"Motores marinos"},"content":{"rendered":"\t\t<div data-elementor-type=\"wp-page\" data-elementor-id=\"972\" class=\"elementor elementor-972 elementor-439\" data-elementor-post-type=\"page\">\n\t\t\t\t<div class=\"elementor-element elementor-element-db3f736 e-flex e-con-boxed e-con e-parent\" data-id=\"db3f736\" data-element_type=\"container\" data-e-type=\"container\">\n\t\t\t\t\t<div class=\"e-con-inner\">\n\t\t<div class=\"elementor-element elementor-element-583d0dd e-con-full e-flex e-con e-child\" data-id=\"583d0dd\" data-element_type=\"container\" data-e-type=\"container\">\n\t\t<div class=\"elementor-element elementor-element-029205f e-con-full e-flex e-con e-child\" data-id=\"029205f\" data-element_type=\"container\" data-e-type=\"container\" data-settings=\"{&quot;background_background&quot;:&quot;classic&quot;}\">\n\t\t\t\t<div class=\"elementor-element elementor-element-d210871 elementor-widget elementor-widget-heading\" data-id=\"d210871\" data-element_type=\"widget\" data-e-type=\"widget\" data-widget_type=\"heading.default\">\n\t\t\t\t<div class=\"elementor-widget-container\">\n\t\t\t\t\t<h2 class=\"elementor-heading-title elementor-size-default\">Motores marinos<\/h2>\t\t\t\t<\/div>\n\t\t\t\t<\/div>\n\t\t\t\t<div class=\"elementor-element elementor-element-8dc36ee elementor-view-default elementor-position-block-start elementor-mobile-position-block-start elementor-widget elementor-widget-icon-box\" data-id=\"8dc36ee\" data-element_type=\"widget\" data-e-type=\"widget\" data-widget_type=\"icon-box.default\">\n\t\t\t\t<div class=\"elementor-widget-container\">\n\t\t\t\t\t\t\t<div class=\"elementor-icon-box-wrapper\">\n\n\t\t\t\t\t\t<div class=\"elementor-icon-box-icon\">\n\t\t\t\t<a href=\"#intro\" class=\"elementor-icon\" tabindex=\"-1\">\n\t\t\t\t<svg xmlns=\"http:\/\/www.w3.org\/2000\/svg\" width=\"14\" height=\"17\" viewBox=\"0 0 14 17\" fill=\"none\"><path fill-rule=\"evenodd\" clip-rule=\"evenodd\" d=\"M0 10.3931L1.47597 9L7 14.2138L12.524 9L14 10.3931L7 17L0 10.3931Z\" fill=\"#F59A61\"><\/path><path fill-rule=\"evenodd\" clip-rule=\"evenodd\" d=\"M0 1.56722L1.47597 0L7 5.86555L12.524 0L14 1.56722L7 9L0 1.56722Z\" fill=\"#F59A61\"><\/path><\/svg>\t\t\t\t<\/a>\n\t\t\t<\/div>\n\t\t\t\n\t\t\t\n\t\t<\/div>\n\t\t\t\t\t\t<\/div>\n\t\t\t\t<\/div>\n\t\t\t\t<\/div>\n\t\t\t\t<\/div>\n\t\t\t\t\t<\/div>\n\t\t\t\t<\/div>\n\t\t<div class=\"elementor-element elementor-element-bd4ca4a e-flex e-con-boxed e-con e-parent\" data-id=\"bd4ca4a\" data-element_type=\"container\" data-e-type=\"container\" id=\"intro\">\n\t\t\t\t\t<div class=\"e-con-inner\">\n\t\t<div class=\"elementor-element elementor-element-048f4ad e-con-full e-flex e-con e-child\" data-id=\"048f4ad\" data-element_type=\"container\" data-e-type=\"container\">\n\t\t\t\t<div class=\"elementor-element elementor-element-474ec05 elementor-widget elementor-widget-text-editor\" data-id=\"474ec05\" data-element_type=\"widget\" data-e-type=\"widget\" data-widget_type=\"text-editor.default\">\n\t\t\t\t<div class=\"elementor-widget-container\">\n\t\t\t\t\t\t\t\t\tEn Maquinaria y Metales contamos con <span style=\"color:#F59A61;\">muchos a\u00f1os de experiencia<\/span> en la revisi\u00f3n de motores <span style=\"color:#F59A61;\">di\u00e9sel\/gasolina<\/span> para el sector mar\u00edtimo.\n\n<span style=\"color:#F59A61;\">Entendemos<\/span> que en la industria naviera es <span style=\"color:#F59A61;\">muy importante cumplir plazos ajustados<\/span> debido a posibles penalizaciones contractuales, adem\u00e1s de tener que cumplir con las \u00faltimas regulaciones establecidas por Lloyd&#8217;s of London y Solas emitidas por IMO, MCA y otros organismos reguladores, por lo que aqu\u00ed en Maquinaria y Metales, brindamos un <span style=\"color:#F59A61;\">servicio inigualable<\/span>, trabajando las <span style=\"color:#F59A61;\">24 horas del d\u00eda<\/span>, los <span style=\"color:#F59A61;\">365 d\u00edas<\/span> del a\u00f1o si es necesario.\t\t\t\t\t\t\t\t<\/div>\n\t\t\t\t<\/div>\n\t\t\t\t<\/div>\n\t\t<div class=\"elementor-element elementor-element-b630561 e-con-full e-flex e-con e-child\" data-id=\"b630561\" data-element_type=\"container\" data-e-type=\"container\">\n\t\t\t\t<div class=\"elementor-element elementor-element-ebdd666 elementor-widget elementor-widget-text-editor\" data-id=\"ebdd666\" data-element_type=\"widget\" data-e-type=\"widget\" data-widget_type=\"text-editor.default\">\n\t\t\t\t<div class=\"elementor-widget-container\">\n\t\t\t\t\t\t\t\t\t<p>Nos especializamos en revisiones completas de la mayor\u00eda de los tipos de motores marinos di\u00e9sel y gasolina en nuestro taller completamente equipado con nuestro personal <span style=\"color: #f59a61;\">capacitado y experimentado<\/span>.<\/p>\n<p><span style=\"color: #f59a61;\">Tenemos v\u00ednculos directos con OEM<\/span>, los fabricantes <span style=\"color: #f59a61;\">originales<\/span> y tambi\u00e9n con Mtu, Baudouin y Bosch, dependiendo de los plazos de entrega, tambi\u00e9n podemos encontrar una <span style=\"color: #f59a61;\">soluci\u00f3n eficiente<\/span> para obtener piezas.<\/p>\n<p>Todos los motores reacondicionados tendr\u00e1n nuestra garant\u00eda de <span style=\"color: #f59a61;\">12 meses que cumplir\u00e1<\/span> con las especificaciones de OEM y los est\u00e1ndares de la industria.<\/p>\n\t\t\t\t\t\t\t\t<\/div>\n\t\t\t\t<\/div>\n\t\t\t\t<\/div>\n\t\t\t\t\t<\/div>\n\t\t\t\t<\/div>\n\t\t\t\t<\/div>\n\t\t","protected":false},"excerpt":{"rendered":"<p>En Maquinaria y Metales contamos con muchos a\u00f1os de experiencia en la revisi\u00f3n de motores di\u00e9sel\/gasolina para el sector mar\u00edtimo. Entendemos que en la industria naviera es muy importante cumplir plazos ajustados debido a posibles penalizaciones contractuales, adem\u00e1s de tener que cumplir con las \u00faltimas regulaciones establecidas por Lloyd&#8217;s of London y Solas emitidas por [&hellip;]<\/p>\n","protected":false},"author":1,"featured_media":848,"parent":0,"menu_order":0,"comment_status":"closed","ping_status":"closed","template":"","meta":{"footnotes":""},"class_list":["post-972","page","type-page","status-publish","has-post-thumbnail","hentry"],"_links":{"self":[{"href":"https:\/\/maquinariaymetales.com\/es\/wp-json\/wp\/v2\/pages\/972","targetHints":{"allow":["GET"]}}],"collection":[{"href":"https:\/\/maquinariaymetales.com\/es\/wp-json\/wp\/v2\/pages"}],"about":[{"href":"https:\/\/maquinariaymetales.com\/es\/wp-json\/wp\/v2\/types\/page"}],"author":[{"embeddable":true,"href":"https:\/\/maquinariaymetales.com\/es\/wp-json\/wp\/v2\/users\/1"}],"replies":[{"embeddable":true,"href":"https:\/\/maquinariaymetales.com\/es\/wp-json\/wp\/v2\/comments?post=972"}],"version-history":[{"count":9,"href":"https:\/\/maquinariaymetales.com\/es\/wp-json\/wp\/v2\/pages\/972\/revisions"}],"predecessor-version":[{"id":1048,"href":"https:\/\/maquinariaymetales.com\/es\/wp-json\/wp\/v2\/pages\/972\/revisions\/1048"}],"wp:featuredmedia":[{"embeddable":true,"href":"https:\/\/maquinariaymetales.com\/es\/wp-json\/wp\/v2\/media\/848"}],"wp:attachment":[{"href":"https:\/\/maquinariaymetales.com\/es\/wp-json\/wp\/v2\/media?parent=972"}],"curies":[{"name":"wp","href":"https:\/\/api.w.org\/{rel}","templated":true}]}}