{"id":966,"date":"2024-10-11T17:16:57","date_gmt":"2024-10-11T15:16:57","guid":{"rendered":"https:\/\/maquinariaymetales.com\/repuestos-de-segunda-mano\/"},"modified":"2024-10-21T19:12:47","modified_gmt":"2024-10-21T17:12:47","slug":"repuestos-de-segunda-mano","status":"publish","type":"page","link":"https:\/\/maquinariaymetales.com\/es\/repuestos-de-segunda-mano\/","title":{"rendered":"Repuestos de segunda mano"},"content":{"rendered":"\t\t<div data-elementor-type=\"wp-page\" data-elementor-id=\"966\" class=\"elementor elementor-966 elementor-360\" data-elementor-post-type=\"page\">\n\t\t\t\t<div class=\"elementor-element elementor-element-db3f736 e-flex e-con-boxed e-con e-parent\" data-id=\"db3f736\" data-element_type=\"container\" data-e-type=\"container\">\n\t\t\t\t\t<div class=\"e-con-inner\">\n\t\t<div class=\"elementor-element elementor-element-583d0dd e-con-full e-flex e-con e-child\" data-id=\"583d0dd\" data-element_type=\"container\" data-e-type=\"container\">\n\t\t<div class=\"elementor-element elementor-element-029205f e-con-full e-flex e-con e-child\" data-id=\"029205f\" data-element_type=\"container\" data-e-type=\"container\" data-settings=\"{&quot;background_background&quot;:&quot;classic&quot;}\">\n\t\t\t\t<div class=\"elementor-element elementor-element-d210871 elementor-widget elementor-widget-heading\" data-id=\"d210871\" data-element_type=\"widget\" data-e-type=\"widget\" data-widget_type=\"heading.default\">\n\t\t\t\t<div class=\"elementor-widget-container\">\n\t\t\t\t\t<h2 class=\"elementor-heading-title elementor-size-default\">Repuestos de segunda mano<\/h2>\t\t\t\t<\/div>\n\t\t\t\t<\/div>\n\t\t\t\t<div class=\"elementor-element elementor-element-8dc36ee elementor-view-default elementor-position-block-start elementor-mobile-position-block-start elementor-widget elementor-widget-icon-box\" data-id=\"8dc36ee\" data-element_type=\"widget\" data-e-type=\"widget\" data-widget_type=\"icon-box.default\">\n\t\t\t\t<div class=\"elementor-widget-container\">\n\t\t\t\t\t\t\t<div class=\"elementor-icon-box-wrapper\">\n\n\t\t\t\t\t\t<div class=\"elementor-icon-box-icon\">\n\t\t\t\t<a href=\"#intro\" class=\"elementor-icon\" tabindex=\"-1\">\n\t\t\t\t<svg xmlns=\"http:\/\/www.w3.org\/2000\/svg\" width=\"14\" height=\"17\" viewBox=\"0 0 14 17\" fill=\"none\"><path fill-rule=\"evenodd\" clip-rule=\"evenodd\" d=\"M0 10.3931L1.47597 9L7 14.2138L12.524 9L14 10.3931L7 17L0 10.3931Z\" fill=\"#F59A61\"><\/path><path fill-rule=\"evenodd\" clip-rule=\"evenodd\" d=\"M0 1.56722L1.47597 0L7 5.86555L12.524 0L14 1.56722L7 9L0 1.56722Z\" fill=\"#F59A61\"><\/path><\/svg>\t\t\t\t<\/a>\n\t\t\t<\/div>\n\t\t\t\n\t\t\t\n\t\t<\/div>\n\t\t\t\t\t\t<\/div>\n\t\t\t\t<\/div>\n\t\t\t\t<\/div>\n\t\t\t\t<\/div>\n\t\t\t\t\t<\/div>\n\t\t\t\t<\/div>\n\t\t<div class=\"elementor-element elementor-element-bd4ca4a e-flex e-con-boxed e-con e-parent\" data-id=\"bd4ca4a\" data-element_type=\"container\" data-e-type=\"container\" id=\"intro\">\n\t\t\t\t\t<div class=\"e-con-inner\">\n\t\t<div class=\"elementor-element elementor-element-048f4ad e-con-full e-flex e-con e-child\" data-id=\"048f4ad\" data-element_type=\"container\" data-e-type=\"container\">\n\t\t\t\t<div class=\"elementor-element elementor-element-474ec05 elementor-widget elementor-widget-text-editor\" data-id=\"474ec05\" data-element_type=\"widget\" data-e-type=\"widget\" data-widget_type=\"text-editor.default\">\n\t\t\t\t<div class=\"elementor-widget-container\">\n\t\t\t\t\t\t\t\t\t<p>En Maquinaria y Metales desmontamos m\u00e1quinas <span style=\"color:#F59A61;\">todos los meses<\/span> en nuestro gran almac\u00e9n, lo que nos permite ofrecer un suministro constante y estable de piezas de segunda mano para excavadoras, cargadoras sobre ruedas, excavadoras y articuladas de <span style=\"color:#F59A61;\">las principales marcas de maquinaria pesada<\/span>.<\/p>\n\t\t\t\t\t\t\t\t<\/div>\n\t\t\t\t<\/div>\n\t\t\t\t<\/div>\n\t\t<div class=\"elementor-element elementor-element-b630561 e-con-full e-flex e-con e-child\" data-id=\"b630561\" data-element_type=\"container\" data-e-type=\"container\">\n\t\t\t\t<div class=\"elementor-element elementor-element-ebdd666 elementor-widget elementor-widget-text-editor\" data-id=\"ebdd666\" data-element_type=\"widget\" data-e-type=\"widget\" data-widget_type=\"text-editor.default\">\n\t\t\t\t<div class=\"elementor-widget-container\">\n\t\t\t\t\t\t\t\t\t<p><span style=\"color: #f59a61;\">Siempre<\/span> estamos buscando m\u00e1quinas que desmontar para recuperar piezas, renovar o desguazar, normalmente buscamos m\u00e1quinas de entre <span style=\"color: #f59a61;\">5\/15 a\u00f1os<\/span> de antig\u00fcedad, as\u00ed que si tiene algo que le gustar\u00eda que tuvi\u00e9ramos en cuenta, p\u00f3ngase en <span style=\"color: #f59a61;\"><a href=\"https:\/\/maquinariaymetales.com\/es\/contactenos\/\">contacto con nosotros<\/a><\/span>.<\/p>\n\t\t\t\t\t\t\t\t<\/div>\n\t\t\t\t<\/div>\n\t\t\t\t<\/div>\n\t\t\t\t\t<\/div>\n\t\t\t\t<\/div>\n\t\t\t\t<\/div>\n\t\t","protected":false},"excerpt":{"rendered":"<p>En Maquinaria y Metales desmontamos m\u00e1quinas todos los meses en nuestro gran almac\u00e9n, lo que nos permite ofrecer un suministro constante y estable de piezas de segunda mano para excavadoras, cargadoras sobre ruedas, excavadoras y articuladas de las principales marcas de maquinaria pesada. Siempre estamos buscando m\u00e1quinas que desmontar para recuperar piezas, renovar o desguazar, [&hellip;]<\/p>\n","protected":false},"author":1,"featured_media":845,"parent":0,"menu_order":0,"comment_status":"closed","ping_status":"closed","template":"","meta":{"footnotes":""},"class_list":["post-966","page","type-page","status-publish","has-post-thumbnail","hentry"],"_links":{"self":[{"href":"https:\/\/maquinariaymetales.com\/es\/wp-json\/wp\/v2\/pages\/966","targetHints":{"allow":["GET"]}}],"collection":[{"href":"https:\/\/maquinariaymetales.com\/es\/wp-json\/wp\/v2\/pages"}],"about":[{"href":"https:\/\/maquinariaymetales.com\/es\/wp-json\/wp\/v2\/types\/page"}],"author":[{"embeddable":true,"href":"https:\/\/maquinariaymetales.com\/es\/wp-json\/wp\/v2\/users\/1"}],"replies":[{"embeddable":true,"href":"https:\/\/maquinariaymetales.com\/es\/wp-json\/wp\/v2\/comments?post=966"}],"version-history":[{"count":3,"href":"https:\/\/maquinariaymetales.com\/es\/wp-json\/wp\/v2\/pages\/966\/revisions"}],"predecessor-version":[{"id":969,"href":"https:\/\/maquinariaymetales.com\/es\/wp-json\/wp\/v2\/pages\/966\/revisions\/969"}],"wp:featuredmedia":[{"embeddable":true,"href":"https:\/\/maquinariaymetales.com\/es\/wp-json\/wp\/v2\/media\/845"}],"wp:attachment":[{"href":"https:\/\/maquinariaymetales.com\/es\/wp-json\/wp\/v2\/media?parent=966"}],"curies":[{"name":"wp","href":"https:\/\/api.w.org\/{rel}","templated":true}]}}